{"id":21316,"date":"2025-09-12T14:55:27","date_gmt":"2025-09-12T20:55:27","guid":{"rendered":"https:\/\/meicarpro.com\/?post_type=product&#038;p=21316"},"modified":"2025-09-12T14:57:30","modified_gmt":"2025-09-12T20:57:30","slug":"camara-de-seguridad-wi-fi-para-exteriores","status":"publish","type":"product","link":"https:\/\/meicarpro.com\/?product=camara-de-seguridad-wi-fi-para-exteriores","title":{"rendered":"C\u00e1mara de Seguridad Wi-Fi para Exteriores"},"content":{"rendered":"<h1 id=\"title\" class=\"a-size-large a-spacing-none\"><span id=\"productTitle\" class=\"a-size-large product-title-word-break\">Tapo TP-Link TC40, [Nueva Generaci\u00f3n] C\u00e1mara de Seguridad Wi-Fi para Exteriores, 1080P con Visi\u00f3n Nocturna, Detecci\u00f3n de Movimiento, Funciona con Alexa<\/span><\/h1>\n<ul class=\"a-unordered-list a-vertical a-spacing-mini\">\n<li class=\"a-spacing-mini\"><span class=\"a-list-item\">\u3010360\u00b0 FHD 1080P con Visi\u00f3n Nocturna\u3011Proporciona un rango horizontal de 360\u00b0, vertical de 130\u00b0 y visi\u00f3n nocturna para cubrir todos los rincones y tiempos.<\/span><\/li>\n<li class=\"a-spacing-mini\"><span class=\"a-list-item\">\u3010Deteccion de Movimiento y Notificaciones\u3011Mantenga protejida a su familia al colocar un equipo cerca de su puert.a de entrada, balcon o pasillo. Reciba notificaciones en su Smartphone cuando la camara detecte movimiento. Active la alerta luminosa o la sirena para auyentar posibles amenazas<\/span><\/li>\n<li class=\"a-spacing-mini\"><span class=\"a-list-item\">\u3010C\u00e1mara de Seguridad Wi-Fi para Exteriores\u3011Resistente a la intemperie con certificaci\u00f3n IP65 y tolerancia a temperaturas extremas de -30\u00b0C a 60\u00b0C.<\/span><\/li>\n<li class=\"a-spacing-mini\"><span class=\"a-list-item\">\u3010Flexible Video Recording\u3011Soporte de grabaci\u00f3n de video en la nube y funciones m\u00e1s avanzadas (tiene que suscribe Tapo Care) o en tarjeta micro SD (no incluida). La capacidad es de hasta 512GB.<\/span><\/li>\n<\/ul>\n","protected":false},"excerpt":{"rendered":"<h1 id=\"title\" class=\"a-size-large a-spacing-none\"><span id=\"productTitle\" class=\"a-size-large product-title-word-break\">Tapo TP-Link TC40, [Nueva Generaci\u00f3n] C\u00e1mara de Seguridad Wi-Fi para Exteriores, 1080P con Visi\u00f3n Nocturna, Detecci\u00f3n de Movimiento, Funciona con Alexa<\/span><\/h1>\n","protected":false},"featured_media":21317,"comment_status":"open","ping_status":"closed","template":"","meta":[],"product_brand":[],"product_cat":[38,39],"product_tag":[40],"class_list":{"0":"post-21316","1":"product","2":"type-product","3":"status-publish","4":"has-post-thumbnail","6":"product_cat-camaras","7":"product_cat-mantenimiento","8":"product_tag-camara-wifi","10":"first","11":"instock","12":"sale","13":"shipping-taxable","14":"purchasable","15":"product-type-simple"},"jetpack_sharing_enabled":true,"_links":{"self":[{"href":"https:\/\/meicarpro.com\/index.php?rest_route=\/wp\/v2\/product\/21316","targetHints":{"allow":["GET"]}}],"collection":[{"href":"https:\/\/meicarpro.com\/index.php?rest_route=\/wp\/v2\/product"}],"about":[{"href":"https:\/\/meicarpro.com\/index.php?rest_route=\/wp\/v2\/types\/product"}],"replies":[{"embeddable":true,"href":"https:\/\/meicarpro.com\/index.php?rest_route=%2Fwp%2Fv2%2Fcomments&post=21316"}],"wp:featuredmedia":[{"embeddable":true,"href":"https:\/\/meicarpro.com\/index.php?rest_route=\/wp\/v2\/media\/21317"}],"wp:attachment":[{"href":"https:\/\/meicarpro.com\/index.php?rest_route=%2Fwp%2Fv2%2Fmedia&parent=21316"}],"wp:term":[{"taxonomy":"product_brand","embeddable":true,"href":"https:\/\/meicarpro.com\/index.php?rest_route=%2Fwp%2Fv2%2Fproduct_brand&post=21316"},{"taxonomy":"product_cat","embeddable":true,"href":"https:\/\/meicarpro.com\/index.php?rest_route=%2Fwp%2Fv2%2Fproduct_cat&post=21316"},{"taxonomy":"product_tag","embeddable":true,"href":"https:\/\/meicarpro.com\/index.php?rest_route=%2Fwp%2Fv2%2Fproduct_tag&post=21316"}],"curies":[{"name":"wp","href":"https:\/\/api.w.org\/{rel}","templated":true}]}}